{"id":43913,"date":"2022-07-18T14:44:36","date_gmt":"2022-07-18T14:44:36","guid":{"rendered":"https:\/\/mahmutkaskaloglu.com.tr\/about-us\/"},"modified":"2026-03-06T15:03:54","modified_gmt":"2026-03-06T15:03:54","slug":"about-us","status":"publish","type":"page","link":"https:\/\/mahmutkaskaloglu.com.tr\/en\/about-us\/","title":{"rendered":"About Us"},"content":{"rendered":"\t\t<div data-elementor-type=\"wp-page\" data-elementor-id=\"43913\" class=\"elementor elementor-43913 elementor-40110\" data-elementor-post-type=\"page\">\n\t\t\t\t<div class=\"elementor-element elementor-element-c8711b0 about_container e-flex e-con-boxed cmsmasters-block-default e-con e-parent\" data-id=\"c8711b0\" data-element_type=\"container\" data-e-type=\"container\">\n\t\t\t\t\t<div class=\"e-con-inner\">\n\t\t<div class=\"elementor-element elementor-element-6d6528c e-con-full e-flex cmsmasters-block-default e-con e-child\" data-id=\"6d6528c\" data-element_type=\"container\" data-e-type=\"container\">\n\t\t\t\t<div class=\"elementor-element elementor-element-6d9e7c8 cmsmasters-block-default cmsmasters-sticky-default elementor-widget elementor-widget-heading\" data-id=\"6d9e7c8\" data-element_type=\"widget\" data-e-type=\"widget\" data-widget_type=\"heading.default\">\n\t\t\t\t<div class=\"elementor-widget-container\">\n\t\t\t\t\t<h3 class=\"elementor-heading-title elementor-size-default\"><span style=\"font-weight:500\">Prof. Dr. Mahmut Ka\u015fkalo\u011flu<\/span><br>Founder and Director of Ka\u015fkalo\u011flu Eye Hospital<\/h3>\t\t\t\t<\/div>\n\t\t\t\t<\/div>\n\t\t\t\t<div class=\"elementor-element elementor-element-2ca6e6b cmsmasters-block-default cmsmasters-sticky-default elementor-widget elementor-widget-text-editor\" data-id=\"2ca6e6b\" data-element_type=\"widget\" data-e-type=\"widget\" data-widget_type=\"text-editor.default\">\n\t\t\t\t<div class=\"elementor-widget-container\">\n\t\t\t\t\t\t\t\t\t<p><span style=\"font-weight: 400;\">Prof. Dr. Mahmut Ka\u015fkalo\u011flu is a specialist with 50 years of experience in ophthalmology. Born in Izmir, he worked as a faculty member at Ege University Faculty of Medicine, Department of Ophthalmology for many years. In 1976, he studied ultrasonography with Prof. Till at the University of Vienna Eye Clinic in Austria and in 1983, he received a British Council Fellowship to study vitreoretinal diseases at Addenbrookes Hospital in Cambridge. In 1984, he applied the first intraocular lens after cataract surgery in Izmir, marking a first in Turkey.   <\/span><\/p><p><span style=\"font-weight: 400;\">Prof. Dr. Ka\u015fkalo\u011flu established Ka\u015fkalo\u011flu Eye Hospital in 2000 and continues to share all the knowledge and experience he gained in eye health with his patients here. The hospital has adopted the goal of being the best eye hospital with the best ophthalmologists. Having performed over 2,000 cataract and LASIK surgeries in 2004, Ka\u015fkalo\u011flu has made a name for himself in the global arena by making presentations at world-renowned scientific conferences. In 2002, Ka\u015fkalo\u011flu received the &#8220;Best of the Show&#8221; award from the American Academy of Ophthalmology.   <\/span><\/p>\t\t\t\t\t\t\t\t<\/div>\n\t\t\t\t<\/div>\n\t\t\t\t<\/div>\n\t\t<div class=\"elementor-element elementor-element-0d727e0 e-con-full e-flex cmsmasters-block-default e-con e-child\" data-id=\"0d727e0\" data-element_type=\"container\" data-e-type=\"container\">\n\t\t\t\t<div class=\"elementor-element elementor-element-36b0a82 cmsmasters-block-default cmsmasters-sticky-default elementor-widget elementor-widget-image\" data-id=\"36b0a82\" data-element_type=\"widget\" data-e-type=\"widget\" data-widget_type=\"image.default\">\n\t\t\t\t<div class=\"elementor-widget-container\">\n\t\t\t\t\t\t\t\t\t\t\t\t\t\t\t<img fetchpriority=\"high\" decoding=\"async\" width=\"600\" height=\"564\" src=\"https:\/\/mahmutkaskaloglu.com.tr\/wp-content\/uploads\/2024\/11\/mkaskaloglu_photo_web-pktuj3wdyxvgnydjkrhezfkw79nmza2rg5uehmwo3s-30x28.jpg\" class=\"attachment-large size-large wp-image-43914 cmsmasters_img cmsmasters-lazyload lazyload\" alt=\"\" data-sizes=\"(max-width: 600px) 100vw, 600px\" data-src=\"https:\/\/mahmutkaskaloglu.com.tr\/wp-content\/uploads\/2024\/11\/mkaskaloglu_photo_web-pktuj3wdyxvgnydjkrhezfkw79nmza2rg5uehmwo3s.jpg\" data-srcset=\"https:\/\/mahmutkaskaloglu.com.tr\/wp-content\/uploads\/2024\/11\/mkaskaloglu_photo_web-pktuj3wdyxvgnydjkrhezfkw79nmza2rg5uehmwo3s.jpg 600w, https:\/\/mahmutkaskaloglu.com.tr\/wp-content\/uploads\/2024\/11\/mkaskaloglu_photo_web-pktuj3wdyxvgnydjkrhezfkw79nmza2rg5uehmwo3s-300x282.jpg 300w, https:\/\/mahmutkaskaloglu.com.tr\/wp-content\/uploads\/2024\/11\/mkaskaloglu_photo_web-pktuj3wdyxvgnydjkrhezfkw79nmza2rg5uehmwo3s-319x300.jpg 319w, https:\/\/mahmutkaskaloglu.com.tr\/wp-content\/uploads\/2024\/11\/mkaskaloglu_photo_web-pktuj3wdyxvgnydjkrhezfkw79nmza2rg5uehmwo3s-30x28.jpg 30w, https:\/\/mahmutkaskaloglu.com.tr\/wp-content\/uploads\/2024\/11\/mkaskaloglu_photo_web-pktuj3wdyxvgnydjkrhezfkw79nmza2rg5uehmwo3s-11x10.jpg 11w\" srcset=\"https:\/\/mahmutkaskaloglu.com.tr\/wp-content\/uploads\/2024\/11\/mkaskaloglu_photo_web-pktuj3wdyxvgnydjkrhezfkw79nmza2rg5uehmwo3s-30x28.jpg 30w, https:\/\/mahmutkaskaloglu.com.tr\/wp-content\/uploads\/2024\/11\/mkaskaloglu_photo_web-pktuj3wdyxvgnydjkrhezfkw79nmza2rg5uehmwo3s-300x282.jpg 300w, https:\/\/mahmutkaskaloglu.com.tr\/wp-content\/uploads\/2024\/11\/mkaskaloglu_photo_web-pktuj3wdyxvgnydjkrhezfkw79nmza2rg5uehmwo3s-319x300.jpg 319w, https:\/\/mahmutkaskaloglu.com.tr\/wp-content\/uploads\/2024\/11\/mkaskaloglu_photo_web-pktuj3wdyxvgnydjkrhezfkw79nmza2rg5uehmwo3s-11x10.jpg 11w, https:\/\/mahmutkaskaloglu.com.tr\/wp-content\/uploads\/2024\/11\/mkaskaloglu_photo_web-pktuj3wdyxvgnydjkrhezfkw79nmza2rg5uehmwo3s.jpg 600w\" sizes=\"(max-width: 600px) 100vw, 600px\" \/>\t\t\t\t\t\t\t\t\t\t\t\t\t\t\t<\/div>\n\t\t\t\t<\/div>\n\t\t\t\t<\/div>\n\t\t\t\t\t<\/div>\n\t\t\t\t<\/div>\n\t\t<div class=\"elementor-element elementor-element-2bb2bd3 e-flex e-con-boxed cmsmasters-block-default e-con e-parent\" data-id=\"2bb2bd3\" data-element_type=\"container\" data-e-type=\"container\">\n\t\t\t\t\t<div class=\"e-con-inner\">\n\t\t\t\t<div class=\"elementor-element elementor-element-4b9fc7f cmsmasters-block-default cmsmasters-sticky-default elementor-widget elementor-widget-text-editor\" data-id=\"4b9fc7f\" data-element_type=\"widget\" data-e-type=\"widget\" data-widget_type=\"text-editor.default\">\n\t\t\t\t<div class=\"elementor-widget-container\">\n\t\t\t\t\t\t\t\t\t<p><span style=\"font-weight: 400;\">Prof. Dr. Mahmut Ka\u015fkalo\u011flu has performed numerous successful surgeries and training programs not only in Turkey but also around the world. He has performed live cataract surgeries in different countries such as Greece, Kosovo, Bosnia-Herzegovina, Georgia, Egypt, Ukraine, Slovenia and Portugal. In addition, he has been giving courses on advanced cataract surgery at the European Society of Cataract Refractive Surgery and American Society of Cataract Refractive Surgery Congresses for the last two years.  <\/span><\/p><p><span style=\"font-weight: 400;\">Prof. Dr. Ka\u015fkalo\u011flu, Black Sea Ophthalmological Society (<\/span><a href=\"http:\/\/www.bs-os.org\"><span style=\"font-weight: 400;\">www.bs-os.org<\/span><\/a><span style=\"font-weight: 400;\">He is the founder and president of the Ophthalmology Society of Southeastern Europe (Ophthalmology Society of Southeastern Europe) and leads international studies on eye health. He is also one of the founders of the Southeast European Ophthalmology Society and serves as the Turkish delegate of this organization. In 2001, he won the &#8220;Best Paper&#8221; award at the ASCRS Congress in the USA and is fluent in English.<\/span><\/p><p><span style=\"font-weight: 400;\">Prof. Dr. Mahmut Ka\u015fkalo\u011flu, together with his wife, Dr. Selma Ka\u015fkalo\u011flu, who is also an ophthalmologist, brings all his knowledge and experience in eye health.<\/span><\/p>\t\t\t\t\t\t\t\t<\/div>\n\t\t\t\t<\/div>\n\t\t\t\t\t<\/div>\n\t\t\t\t<\/div>\n\t\t\t\t<\/div>\n\t\t","protected":false},"excerpt":{"rendered":"<p>Prof. Dr. Mahmut Ka\u015fkalo\u011fluFounder and Director of Ka\u015fkalo\u011flu Eye Hospital Prof. Dr. Mahmut Ka\u015fkalo\u011flu is a specialist with 50 years of experience in ophthalmology. Born in Izmir, he worked as a faculty member at Ege University Faculty of Medicine, Department of Ophthalmology for many years. In 1976, he studied ultrasonography with Prof. Till at the&#8230;<\/p>\n","protected":false},"author":1,"featured_media":0,"parent":0,"menu_order":0,"comment_status":"closed","ping_status":"closed","template":"","meta":{"_acf_changed":false,"footnotes":""},"class_list":["post-43913","page","type-page","status-publish","hentry"],"acf":[],"_links":{"self":[{"href":"https:\/\/mahmutkaskaloglu.com.tr\/en\/wp-json\/wp\/v2\/pages\/43913","targetHints":{"allow":["GET"]}}],"collection":[{"href":"https:\/\/mahmutkaskaloglu.com.tr\/en\/wp-json\/wp\/v2\/pages"}],"about":[{"href":"https:\/\/mahmutkaskaloglu.com.tr\/en\/wp-json\/wp\/v2\/types\/page"}],"author":[{"embeddable":true,"href":"https:\/\/mahmutkaskaloglu.com.tr\/en\/wp-json\/wp\/v2\/users\/1"}],"replies":[{"embeddable":true,"href":"https:\/\/mahmutkaskaloglu.com.tr\/en\/wp-json\/wp\/v2\/comments?post=43913"}],"version-history":[{"count":1,"href":"https:\/\/mahmutkaskaloglu.com.tr\/en\/wp-json\/wp\/v2\/pages\/43913\/revisions"}],"predecessor-version":[{"id":43916,"href":"https:\/\/mahmutkaskaloglu.com.tr\/en\/wp-json\/wp\/v2\/pages\/43913\/revisions\/43916"}],"wp:attachment":[{"href":"https:\/\/mahmutkaskaloglu.com.tr\/en\/wp-json\/wp\/v2\/media?parent=43913"}],"curies":[{"name":"wp","href":"https:\/\/api.w.org\/{rel}","templated":true}]}}